{"id":50,"date":"2022-10-24T12:11:41","date_gmt":"2022-10-24T12:11:41","guid":{"rendered":"https:\/\/revistacomba.porrassoriano.com\/?page_id=50"},"modified":"2023-03-08T16:45:50","modified_gmt":"2023-03-08T16:45:50","slug":"envios","status":"publish","type":"page","link":"https:\/\/revistacomba.org\/?page_id=50","title":{"rendered":"env\u00edos."},"content":{"rendered":"\r\n<p class=\"wp-block-paragraph\">COMBA mantiene una pol\u00edtica de recepci\u00f3n permanente de env\u00edos originales completos. Para ello presenta la secci\u00f3n <a id=\"72\" href=\"https:\/\/revistacomba.org\/?page_id=72\" type=\"page\">ISTMO<\/a>, de periodicidad de publicaci\u00f3n variable y contenidos abiertos. ISTMO recoge propuestas cerradas y adaptadas a la normativa de publicaci\u00f3n de la revista, al margen de la tem\u00e1tica de la publicaci\u00f3n principal<\/p>\r\n\r\n\r\n\r\n<p class=\"wp-block-paragraph\">Si crees que COMBA puede dar difusi\u00f3n a tus contenidos y tienes inter\u00e9s en colaborar con el proyecto, env\u00eda tu propuesta a trav\u00e9s del formulario que encontrar\u00e1s a continuaci\u00f3n. Tu contribuci\u00f3n ser\u00e1 revisada por el equipo editorial y te dar\u00e1n una respuesta con la mayor brevedad posible.<\/p>\r\n\r\n\r\n\r\n<p class=\"wp-block-paragraph\">Puedes descargar las NORMAS EDITORIALES de COMBA a trav\u00e9s del siguiente enlace:<\/p>\r\n\r\n\r\n\r\n<div class=\"wp-block-buttons is-layout-flex wp-block-buttons-is-layout-flex\">\r\n<div class=\"wp-block-button\"><a class=\"wp-block-button__link wp-element-button\" target=\"_blank\" rel=\"noreferrer noopener\">NORMAS<\/a><\/div>\r\n<\/div>\r\n\r\n\r\n<p><div class=\"forminator-ui forminator-custom-form forminator-custom-form-53 forminator-design--default  forminator_ajax\" data-forminator-render=\"0\" data-form=\"forminator-module-53\" data-uid=\"69f340eb1a4ae\"><br\/><\/div><form\n\t\t\t\tid=\"forminator-module-53\"\n\t\t\t\tclass=\"forminator-ui forminator-custom-form forminator-custom-form-53 forminator-design--default  forminator_ajax\"\n\t\t\t\tmethod=\"post\"\n\t\t\t\tdata-forminator-render=\"0\"\n\t\t\t\tdata-form-id=\"53\"\n\t\t\t\tenctype=\"multipart\/form-data\" data-color-option=\"default\" data-design=\"default\" data-grid=\"open\" style=\"display: none;\"\n\t\t\t\tdata-uid=\"69f340eb1a4ae\"\n\t\t\t><div role=\"alert\" aria-live=\"polite\" class=\"forminator-response-message forminator-error\" aria-hidden=\"true\"><\/div><div class=\"forminator-row\"><div id=\"name-1\" class=\"forminator-field-name forminator-col forminator-col-12 \"><div class=\"forminator-field\"><label for=\"forminator-field-name-1_69f340eb1a4ae\" id=\"forminator-field-name-1_69f340eb1a4ae-label\" class=\"forminator-label\">Nombre <span class=\"forminator-required\">*<\/span><\/label><input type=\"text\" name=\"name-1\" value=\"\" placeholder=\"Ejemplo: Juan P\u00e9rez\" id=\"forminator-field-name-1_69f340eb1a4ae\" class=\"forminator-input forminator-name--field\" aria-required=\"true\" autocomplete=\"name\" \/><\/div><\/div><\/div><div class=\"forminator-row\"><div id=\"url-1\" class=\"forminator-field-url forminator-col forminator-col-6 \"><div class=\"forminator-field\"><label for=\"forminator-field-url-1_69f340eb1a4ae\" id=\"forminator-field-url-1_69f340eb1a4ae-label\" class=\"forminator-label\">Web<\/label><input type=\"url\" name=\"url-1\" value=\"\" placeholder=\"Ejemplo: http:\/\/www.ejemplo.com\" id=\"forminator-field-url-1_69f340eb1a4ae\" class=\"forminator-input forminator-website--field\" data-required=\"\" aria-required=\"false\" \/><\/div><\/div><div id=\"email-1\" class=\"forminator-field-email forminator-col forminator-col-6 \"><div class=\"forminator-field\"><label for=\"forminator-field-email-1_69f340eb1a4ae\" id=\"forminator-field-email-1_69f340eb1a4ae-label\" class=\"forminator-label\">Correo electr\u00f3nico<\/label><input type=\"email\" name=\"email-1\" value=\"\" placeholder=\"Ej . : john@doe.com\" id=\"forminator-field-email-1_69f340eb1a4ae\" class=\"forminator-input forminator-email--field\" data-required=\"\" aria-required=\"false\" autocomplete=\"email\" \/><\/div><\/div><\/div><div class=\"forminator-row\"><div id=\"upload-1\" class=\"forminator-field-upload forminator-col forminator-col-12  boton\"><div class=\"forminator-field\"><label for=\"forminator-field-upload-1_69f340eb1a4ae\" id=\"forminator-field-upload-1_69f340eb1a4ae-label\" class=\"forminator-label\">Subir archivo <span class=\"forminator-required\">*<\/span><\/label><div class=\"forminator-file-upload \" data-element=\"upload-1_69f340eb1a4ae\" aria-describedby=\"forminator-field-upload-1_69f340eb1a4ae-description\"><input type=\"file\" name=\"upload-1\" id=\"forminator-field-upload-1_69f340eb1a4ae\" class=\"forminator-input-file-required do-validate\" accept=\".webp,.doc,.pdf,.pages,.jpg,.jpeg,.jpe,.png,.gif,.txt,.asc,.c,.cc,.h,.srt\" tabindex=\"-1\"><button id=\"forminator-field-upload-1_69f340eb1a4ae_button\" class=\"forminator-button forminator-button-upload\" data-id=\"forminator-field-upload-1_69f340eb1a4ae\">Elegir archivo<\/button><span data-empty-text=\"Ning\u00fan archivo seleccionado\">Ning\u00fan archivo seleccionado<\/span><button class=\"forminator-button-delete\" style=\"display: none;\"><i class=\"forminator-icon-close\" aria-hidden=\"true\"><\/i><span class=\"forminator-screen-reader-only\">Eliminar el archivo subido<\/span><\/button><\/div><span id=\"forminator-field-upload-1_69f340eb1a4ae-description\" class=\"forminator-description\">Env\u00eda tu propuesta a COMBA<\/span><\/div><\/div><\/div><input type=\"hidden\" name=\"referer_url\" value=\"\" \/><div class=\"forminator-row forminator-row-last\"><div class=\"forminator-col\"><div class=\"forminator-field\"><button class=\"forminator-button forminator-button-submit\">Enviar mensaje<\/button><\/div><\/div><\/div><input type=\"hidden\" id=\"forminator_nonce\" name=\"forminator_nonce\" value=\"c5c1915229\" \/><input type=\"hidden\" name=\"_wp_http_referer\" value=\"\/index.php?rest_route=%2Fwp%2Fv2%2Fpages%2F50\" \/><input type=\"hidden\" name=\"form_id\" value=\"53\"><input type=\"hidden\" name=\"page_id\" value=\"50\"><input type=\"hidden\" name=\"form_type\" value=\"default\"><input type=\"hidden\" name=\"current_url\" value=\"https:\/\/revistacomba.org\/?page_id=50\"><input type=\"hidden\" name=\"render_id\" value=\"0\"><input type=\"hidden\" name=\"action\" value=\"forminator_submit_form_custom-forms\"><\/form><\/p>\n","protected":false},"excerpt":{"rendered":"<p>COMBA mantiene una pol\u00edtica de recepci\u00f3n permanente de env\u00edos originales completos. Para ello presenta la secci\u00f3n ISTMO, de periodicidad de publicaci\u00f3n variable y contenidos abiertos. ISTMO recoge propuestas cerradas y adaptadas a la normativa de publicaci\u00f3n de la revista, al margen de la tem\u00e1tica de la publicaci\u00f3n principal Si crees que COMBA puede dar difusi\u00f3n [&hellip;]<\/p>\n","protected":false},"author":1,"featured_media":0,"parent":0,"menu_order":0,"comment_status":"closed","ping_status":"closed","template":"","meta":{"_crdt_document":"","footnotes":""},"class_list":["post-50","page","type-page","status-publish","hentry"],"jetpack_sharing_enabled":true,"_links":{"self":[{"href":"https:\/\/revistacomba.org\/index.php?rest_route=\/wp\/v2\/pages\/50","targetHints":{"allow":["GET"]}}],"collection":[{"href":"https:\/\/revistacomba.org\/index.php?rest_route=\/wp\/v2\/pages"}],"about":[{"href":"https:\/\/revistacomba.org\/index.php?rest_route=\/wp\/v2\/types\/page"}],"author":[{"embeddable":true,"href":"https:\/\/revistacomba.org\/index.php?rest_route=\/wp\/v2\/users\/1"}],"replies":[{"embeddable":true,"href":"https:\/\/revistacomba.org\/index.php?rest_route=%2Fwp%2Fv2%2Fcomments&post=50"}],"version-history":[{"count":7,"href":"https:\/\/revistacomba.org\/index.php?rest_route=\/wp\/v2\/pages\/50\/revisions"}],"predecessor-version":[{"id":201,"href":"https:\/\/revistacomba.org\/index.php?rest_route=\/wp\/v2\/pages\/50\/revisions\/201"}],"wp:attachment":[{"href":"https:\/\/revistacomba.org\/index.php?rest_route=%2Fwp%2Fv2%2Fmedia&parent=50"}],"curies":[{"name":"wp","href":"https:\/\/api.w.org\/{rel}","templated":true}]}}